{"id":1827,"date":"2022-06-08T23:57:47","date_gmt":"2022-06-08T21:57:47","guid":{"rendered":"http:\/\/liceum.kard.hlonda.pl\/?page_id=1827"},"modified":"2022-06-09T00:15:55","modified_gmt":"2022-06-08T22:15:55","slug":"kultura-klasyczna-kuznia-czlowieczenstwa-dzieci-i-mlodziezy-z-wielkopolskich-szkol","status":"publish","type":"page","link":"https:\/\/liceum.kard.hlonda.pl\/index.php\/kultura-klasyczna-kuznia-czlowieczenstwa-dzieci-i-mlodziezy-z-wielkopolskich-szkol\/","title":{"rendered":"KULTURA KLASYCZNA \u2013 KU\u0179NI\u0104 \u201eCZ\u0141OWIECZE\u0143STWA\u201d DZIECI I M\u0141ODZIE\u017bY Z WIELKOPOLSKICH SZK\u00d3\u0141"},"content":{"rendered":"<p style=\"text-align: center;\"><img loading=\"lazy\" decoding=\"async\" class=\"aligncenter size-full wp-image-1831\" src=\"http:\/\/liceum.kard.hlonda.pl\/wp-content\/uploads\/2022\/06\/WWW_KULTURA_KLASYCZNA-1.jpg\" alt=\"\" width=\"1000\" height=\"662\" srcset=\"https:\/\/liceum.kard.hlonda.pl\/wp-content\/uploads\/2022\/06\/WWW_KULTURA_KLASYCZNA-1.jpg 1000w, https:\/\/liceum.kard.hlonda.pl\/wp-content\/uploads\/2022\/06\/WWW_KULTURA_KLASYCZNA-1-300x199.jpg 300w, https:\/\/liceum.kard.hlonda.pl\/wp-content\/uploads\/2022\/06\/WWW_KULTURA_KLASYCZNA-1-768x508.jpg 768w, https:\/\/liceum.kard.hlonda.pl\/wp-content\/uploads\/2022\/06\/WWW_KULTURA_KLASYCZNA-1-529x350.jpg 529w\" sizes=\"auto, (max-width: 1000px) 100vw, 1000px\" \/><\/p>\n","protected":false},"excerpt":{"rendered":"","protected":false},"author":1,"featured_media":0,"parent":0,"menu_order":0,"comment_status":"closed","ping_status":"closed","template":"","meta":{"footnotes":""},"class_list":["post-1827","page","type-page","status-publish","hentry"],"_links":{"self":[{"href":"https:\/\/liceum.kard.hlonda.pl\/index.php\/wp-json\/wp\/v2\/pages\/1827","targetHints":{"allow":["GET"]}}],"collection":[{"href":"https:\/\/liceum.kard.hlonda.pl\/index.php\/wp-json\/wp\/v2\/pages"}],"about":[{"href":"https:\/\/liceum.kard.hlonda.pl\/index.php\/wp-json\/wp\/v2\/types\/page"}],"author":[{"embeddable":true,"href":"https:\/\/liceum.kard.hlonda.pl\/index.php\/wp-json\/wp\/v2\/users\/1"}],"replies":[{"embeddable":true,"href":"https:\/\/liceum.kard.hlonda.pl\/index.php\/wp-json\/wp\/v2\/comments?post=1827"}],"version-history":[{"count":2,"href":"https:\/\/liceum.kard.hlonda.pl\/index.php\/wp-json\/wp\/v2\/pages\/1827\/revisions"}],"predecessor-version":[{"id":1832,"href":"https:\/\/liceum.kard.hlonda.pl\/index.php\/wp-json\/wp\/v2\/pages\/1827\/revisions\/1832"}],"wp:attachment":[{"href":"https:\/\/liceum.kard.hlonda.pl\/index.php\/wp-json\/wp\/v2\/media?parent=1827"}],"curies":[{"name":"wp","href":"https:\/\/api.w.org\/{rel}","templated":true}]}}