{"id":2277,"date":"2023-01-30T21:23:37","date_gmt":"2023-01-30T20:23:37","guid":{"rendered":"http:\/\/liceum.kard.hlonda.pl\/?page_id=2277"},"modified":"2024-03-10T17:37:49","modified_gmt":"2024-03-10T16:37:49","slug":"formacja","status":"publish","type":"page","link":"https:\/\/liceum.kard.hlonda.pl\/index.php\/formacja\/","title":{"rendered":"Formacja"},"content":{"rendered":"<h4>Cel formacji<\/h4>\n<p>Patronka naszej szko\u0142y, b\u0142. Natalia Tu\u0142asiewicz \u201ewielbi\u0142a Boga rado\u015bci\u0105 pracy codziennej\u201d czyni\u0105c swoje \u201e\u017cycie modlitw\u0105, a modlitw\u0119 \u017cyciem\u201d. Nawi\u0105zuj\u0105c do jej \u015bwiadectwa, pragniemy wspomaga\u0107 naszych uczni\u00f3w, rodzic\u00f3w, nauczycieli i pracownik\u00f3w we wzrastaniu w autentycznie prze\u017cywanej, dojrza\u0142ej wierze. Celem jest realizacja z Bo\u017c\u0105 pomoc\u0105 Jezusowego wezwania: \u201eTak niech \u015bwieci\u00a0wasze\u00a0\u015bwiat\u0142o przed lud\u017ami, aby\u00a0widzieli wasze dobre uczynki\u00a0i\u00a0chwalili Ojca waszego,\u00a0kt\u00f3ry\u00a0jest w\u00a0niebie\u201d (Mt 5, 16).<\/p>\n<h4>Program Wychowawczy Szko\u0142y<\/h4>\n<p>W dziele tak rozumianej formacji kierujemy si\u0119 programem odnowy \u017cycia codziennego sformu\u0142owanym przez Prymasa Tysi\u0105clecia, b\u0142. Stefana Kard. Wyszy\u0144skiego, znanym jako <a href=\"https:\/\/wyszynskiprymas.pl\/abc-spolecznej-krucjaty-milosci\/\" target=\"_blank\" rel=\"noopener\">\u201eSpo\u0142eczna Krucjata Mi\u0142o\u015bci\u201d<\/a>. Zosta\u0142a ona na sta\u0142e wpisana w Program Wychowawczy Szko\u0142y. W ka\u017cdym miesi\u0105cu podejmujemy konkretne dzia\u0142ania zwi\u0105zane z jednym z 10 punkt\u00f3w Krucjaty.<\/p>\n","protected":false},"excerpt":{"rendered":"<p>Cel formacji Patronka naszej szko\u0142y, b\u0142. Natalia Tu\u0142asiewicz \u201ewielbi\u0142a Boga rado\u015bci\u0105 pracy codziennej\u201d czyni\u0105c swoje \u201e\u017cycie modlitw\u0105, a modlitw\u0119 \u017cyciem\u201d. Nawi\u0105zuj\u0105c do jej \u015bwiadectwa, pragniemy wspomaga\u0107 naszych uczni\u00f3w, rodzic\u00f3w, nauczycieli i pracownik\u00f3w we wzrastaniu w autentycznie prze\u017cywanej, dojrza\u0142ej wierze. Celem jest realizacja z Bo\u017c\u0105 pomoc\u0105 Jezusowego wezwania: \u201eTak niech \u015bwieci\u00a0wasze\u00a0\u015bwiat\u0142o &hellip;<\/p>\n","protected":false},"author":1,"featured_media":0,"parent":0,"menu_order":0,"comment_status":"closed","ping_status":"closed","template":"","meta":{"footnotes":""},"class_list":["post-2277","page","type-page","status-publish","hentry"],"_links":{"self":[{"href":"https:\/\/liceum.kard.hlonda.pl\/index.php\/wp-json\/wp\/v2\/pages\/2277","targetHints":{"allow":["GET"]}}],"collection":[{"href":"https:\/\/liceum.kard.hlonda.pl\/index.php\/wp-json\/wp\/v2\/pages"}],"about":[{"href":"https:\/\/liceum.kard.hlonda.pl\/index.php\/wp-json\/wp\/v2\/types\/page"}],"author":[{"embeddable":true,"href":"https:\/\/liceum.kard.hlonda.pl\/index.php\/wp-json\/wp\/v2\/users\/1"}],"replies":[{"embeddable":true,"href":"https:\/\/liceum.kard.hlonda.pl\/index.php\/wp-json\/wp\/v2\/comments?post=2277"}],"version-history":[{"count":3,"href":"https:\/\/liceum.kard.hlonda.pl\/index.php\/wp-json\/wp\/v2\/pages\/2277\/revisions"}],"predecessor-version":[{"id":3623,"href":"https:\/\/liceum.kard.hlonda.pl\/index.php\/wp-json\/wp\/v2\/pages\/2277\/revisions\/3623"}],"wp:attachment":[{"href":"https:\/\/liceum.kard.hlonda.pl\/index.php\/wp-json\/wp\/v2\/media?parent=2277"}],"curies":[{"name":"wp","href":"https:\/\/api.w.org\/{rel}","templated":true}]}}