{"id":3669,"date":"2024-03-15T21:27:25","date_gmt":"2024-03-15T20:27:25","guid":{"rendered":"https:\/\/liceum.kard.hlonda.pl\/?page_id=3669"},"modified":"2024-03-15T21:28:56","modified_gmt":"2024-03-15T20:28:56","slug":"domowy-kosciol","status":"publish","type":"page","link":"https:\/\/liceum.kard.hlonda.pl\/index.php\/domowy-kosciol\/","title":{"rendered":"Domowy Ko\u015bci\u00f3\u0142"},"content":{"rendered":"<p style=\"text-align: justify;\"><img loading=\"lazy\" decoding=\"async\" class=\"alignleft wp-image-3670 size-full\" src=\"https:\/\/liceum.kard.hlonda.pl\/wp-content\/uploads\/2024\/03\/DK.jpg\" alt=\"\" width=\"350\" height=\"352\" srcset=\"https:\/\/liceum.kard.hlonda.pl\/wp-content\/uploads\/2024\/03\/DK.jpg 350w, https:\/\/liceum.kard.hlonda.pl\/wp-content\/uploads\/2024\/03\/DK-298x300.jpg 298w, https:\/\/liceum.kard.hlonda.pl\/wp-content\/uploads\/2024\/03\/DK-150x150.jpg 150w, https:\/\/liceum.kard.hlonda.pl\/wp-content\/uploads\/2024\/03\/DK-348x350.jpg 348w\" sizes=\"auto, (max-width: 350px) 100vw, 350px\" \/>Z pomoc\u0105 dla rodzic\u00f3w w katolickim wychowaniu dzieci i we w\u0142asnym wzro\u015bcie w wierze przychodzi <a href=\"https:\/\/www.poznan.oaza.pl\/dk\" target=\"_blank\" rel=\"noopener\"><strong>Domowy Ko\u015bci\u00f3\u0142<\/strong><\/a> \u2013 ga\u0142\u0105\u017a rodzinna Ruchu \u015awiat\u0142o-\u017bycie DK. W ramach programu Chcemy! Jeste\u015bmy \u015bwiadomi!, kt\u00f3rego nazwa pochodzi od odpowiedzi ma\u0142\u017conk\u00f3w-rodzic\u00f3w na pytania kap\u0142ana w trakcie udzielania Sakramentu Ma\u0142\u017ce\u0144stwa oraz Chrztu \u015awi\u0119tego, szko\u0142\u0119 odwiedzaj\u0105 ma\u0142\u017conkowie z DK dziel\u0105c si\u0119 \u015bwiadectwem \u017cycia i konkretnymi wskaz\u00f3wkami wychowawczymi. Raz do roku organizujemy weekendowe spotkanie integracyjno-formacyjne oraz zapraszamy naszych rodzic\u00f3w na czerwcowe rekolekcje ewangelizacyjne DK. W planach mamy comiesi\u0119czne spotkania po\u015bwi\u0119cone integracji oraz studiowaniu Pisma \u015awi\u0119tego. Dzi\u0119kujemy za szczeg\u00f3ln\u0105 opiek\u0119 Pa\u0144stwu Joannie i Robertowi S\u0142oci\u0144skim z Diakonii Ewangelizacji DK.<\/p>\n","protected":false},"excerpt":{"rendered":"<p>Z pomoc\u0105 dla rodzic\u00f3w w katolickim wychowaniu dzieci i we w\u0142asnym wzro\u015bcie w wierze przychodzi Domowy Ko\u015bci\u00f3\u0142 \u2013 ga\u0142\u0105\u017a rodzinna Ruchu \u015awiat\u0142o-\u017bycie DK. W ramach programu Chcemy! Jeste\u015bmy \u015bwiadomi!, kt\u00f3rego nazwa pochodzi od odpowiedzi ma\u0142\u017conk\u00f3w-rodzic\u00f3w na pytania kap\u0142ana w trakcie udzielania Sakramentu Ma\u0142\u017ce\u0144stwa oraz Chrztu \u015awi\u0119tego, szko\u0142\u0119 odwiedzaj\u0105 ma\u0142\u017conkowie z &hellip;<\/p>\n","protected":false},"author":1,"featured_media":3670,"parent":0,"menu_order":0,"comment_status":"closed","ping_status":"closed","template":"","meta":{"footnotes":""},"class_list":["post-3669","page","type-page","status-publish","has-post-thumbnail","hentry"],"_links":{"self":[{"href":"https:\/\/liceum.kard.hlonda.pl\/index.php\/wp-json\/wp\/v2\/pages\/3669","targetHints":{"allow":["GET"]}}],"collection":[{"href":"https:\/\/liceum.kard.hlonda.pl\/index.php\/wp-json\/wp\/v2\/pages"}],"about":[{"href":"https:\/\/liceum.kard.hlonda.pl\/index.php\/wp-json\/wp\/v2\/types\/page"}],"author":[{"embeddable":true,"href":"https:\/\/liceum.kard.hlonda.pl\/index.php\/wp-json\/wp\/v2\/users\/1"}],"replies":[{"embeddable":true,"href":"https:\/\/liceum.kard.hlonda.pl\/index.php\/wp-json\/wp\/v2\/comments?post=3669"}],"version-history":[{"count":1,"href":"https:\/\/liceum.kard.hlonda.pl\/index.php\/wp-json\/wp\/v2\/pages\/3669\/revisions"}],"predecessor-version":[{"id":3671,"href":"https:\/\/liceum.kard.hlonda.pl\/index.php\/wp-json\/wp\/v2\/pages\/3669\/revisions\/3671"}],"wp:featuredmedia":[{"embeddable":true,"href":"https:\/\/liceum.kard.hlonda.pl\/index.php\/wp-json\/wp\/v2\/media\/3670"}],"wp:attachment":[{"href":"https:\/\/liceum.kard.hlonda.pl\/index.php\/wp-json\/wp\/v2\/media?parent=3669"}],"curies":[{"name":"wp","href":"https:\/\/api.w.org\/{rel}","templated":true}]}}