{"id":3683,"date":"2024-03-15T21:39:11","date_gmt":"2024-03-15T20:39:11","guid":{"rendered":"https:\/\/liceum.kard.hlonda.pl\/?page_id=3683"},"modified":"2024-11-14T00:59:58","modified_gmt":"2024-11-13T23:59:58","slug":"towarzystwo-chrystusowe","status":"publish","type":"page","link":"https:\/\/liceum.kard.hlonda.pl\/index.php\/towarzystwo-chrystusowe\/","title":{"rendered":"Towarzystwo Chrystusowe"},"content":{"rendered":"<p><img loading=\"lazy\" decoding=\"async\" class=\"alignleft size-full wp-image-3684\" src=\"https:\/\/liceum.kard.hlonda.pl\/wp-content\/uploads\/2024\/03\/Bez-nazwy.jpg\" alt=\"\" width=\"225\" height=\"225\" srcset=\"https:\/\/liceum.kard.hlonda.pl\/wp-content\/uploads\/2024\/03\/Bez-nazwy.jpg 225w, https:\/\/liceum.kard.hlonda.pl\/wp-content\/uploads\/2024\/03\/Bez-nazwy-150x150.jpg 150w\" sizes=\"auto, (max-width: 225px) 100vw, 225px\" \/>Opiek\u0119 duchow\u0105 sprawuj\u0105 nad nami ksi\u0119\u017ca z parafii <a href=\"https:\/\/www.odkupiciel.archpoznan.pl\/\" target=\"_blank\" rel=\"noopener\"><strong>pw. Chrystusa Odkupiciela<\/strong><\/a> oraz <a href=\"https:\/\/www.chrystusowcy.pl\/\" target=\"_blank\" rel=\"noopener\"><strong>Towarzystwo Chrystusowe dla Polonii Zagranicznej<\/strong><\/a>. Dzi\u0119kujemy za ich modlitw\u0119, odprawione Msze \u015awi\u0119te, rekolekcje wyjazdowe oraz wyk\u0142ady i pos\u0142ug\u0119 na lekcjach religii.<\/p>\n<hr \/>\n<p style=\"text-align: center;\"><iframe loading=\"lazy\" title=\"YouTube video player\" src=\"https:\/\/www.youtube.com\/embed\/9kuF6AIenSM?si=jmcP2dqz1pEbXmIS\" width=\"560\" height=\"315\" frameborder=\"0\" allowfullscreen=\"allowfullscreen\"><\/iframe><\/p>\n<p style=\"text-align: center;\"><iframe loading=\"lazy\" title=\"YouTube video player\" src=\"https:\/\/www.youtube.com\/embed\/ZLBvF9ljrsA?si=I0TDqvS0IkfDhBxn\" width=\"560\" height=\"315\" frameborder=\"0\" allowfullscreen=\"allowfullscreen\"><\/iframe><\/p>\n<p style=\"text-align: center;\"><iframe loading=\"lazy\" title=\"YouTube video player\" src=\"https:\/\/www.youtube.com\/embed\/7C54WHjmUwY?si=w7xBmJH-cDC53fBK\" width=\"560\" height=\"315\" frameborder=\"0\" allowfullscreen=\"allowfullscreen\"><\/iframe><\/p>\n<p style=\"text-align: center;\"><iframe loading=\"lazy\" title=\"YouTube video player\" src=\"https:\/\/www.youtube.com\/embed\/ixRT8gW1nj0?si=slbqi09qtWEpZj3D\" width=\"560\" height=\"315\" frameborder=\"0\" allowfullscreen=\"allowfullscreen\"><\/iframe><\/p>\n<p style=\"text-align: center;\"><iframe loading=\"lazy\" title=\"YouTube video player\" src=\"https:\/\/www.youtube.com\/embed\/y088THkNKHg?si=DQWkXQeo1sQB5qXo\" width=\"560\" height=\"315\" frameborder=\"0\" allowfullscreen=\"allowfullscreen\"><\/iframe><\/p>\n<p style=\"text-align: center;\"><iframe loading=\"lazy\" title=\"YouTube video player\" src=\"https:\/\/www.youtube.com\/embed\/yzKWx60Ee74?si=wyth46xYU1Z1uCuu\" width=\"560\" height=\"315\" frameborder=\"0\" allowfullscreen=\"allowfullscreen\"><\/iframe><\/p>\n<p style=\"text-align: center;\"><iframe loading=\"lazy\" title=\"YouTube video player\" src=\"https:\/\/www.youtube.com\/embed\/pPWN6qYd3LQ?si=eTKlIusD2V2zHwdN\" width=\"560\" height=\"315\" frameborder=\"0\" allowfullscreen=\"allowfullscreen\"><\/iframe><\/p>\n<p style=\"text-align: center;\"><iframe loading=\"lazy\" title=\"YouTube video player\" src=\"https:\/\/www.youtube.com\/embed\/JCf1T0Hp9wU?si=YMiaKadVrJilojDG\" width=\"560\" height=\"315\" frameborder=\"0\" allowfullscreen=\"allowfullscreen\"><\/iframe><\/p>\n<p style=\"text-align: center;\"><iframe loading=\"lazy\" title=\"YouTube video player\" src=\"https:\/\/www.youtube.com\/embed\/YrD_GnjG-RQ?si=QaOBn77AyVzPa5Ev\" width=\"560\" height=\"315\" frameborder=\"0\" allowfullscreen=\"allowfullscreen\"><\/iframe><\/p>\n<p style=\"text-align: center;\"><iframe loading=\"lazy\" title=\"YouTube video player\" src=\"https:\/\/www.youtube.com\/embed\/-gZVfXVPg9E?si=q2i0pJepviUNrXrV\" width=\"560\" height=\"315\" frameborder=\"0\" allowfullscreen=\"allowfullscreen\"><\/iframe><\/p>\n","protected":false},"excerpt":{"rendered":"<p>Opiek\u0119 duchow\u0105 sprawuj\u0105 nad nami ksi\u0119\u017ca z parafii pw. Chrystusa Odkupiciela oraz Towarzystwo Chrystusowe dla Polonii Zagranicznej. Dzi\u0119kujemy za ich modlitw\u0119, odprawione Msze \u015awi\u0119te, rekolekcje wyjazdowe oraz wyk\u0142ady i pos\u0142ug\u0119 na lekcjach religii.<\/p>\n","protected":false},"author":1,"featured_media":3684,"parent":0,"menu_order":0,"comment_status":"closed","ping_status":"closed","template":"","meta":{"footnotes":""},"class_list":["post-3683","page","type-page","status-publish","has-post-thumbnail","hentry"],"_links":{"self":[{"href":"https:\/\/liceum.kard.hlonda.pl\/index.php\/wp-json\/wp\/v2\/pages\/3683","targetHints":{"allow":["GET"]}}],"collection":[{"href":"https:\/\/liceum.kard.hlonda.pl\/index.php\/wp-json\/wp\/v2\/pages"}],"about":[{"href":"https:\/\/liceum.kard.hlonda.pl\/index.php\/wp-json\/wp\/v2\/types\/page"}],"author":[{"embeddable":true,"href":"https:\/\/liceum.kard.hlonda.pl\/index.php\/wp-json\/wp\/v2\/users\/1"}],"replies":[{"embeddable":true,"href":"https:\/\/liceum.kard.hlonda.pl\/index.php\/wp-json\/wp\/v2\/comments?post=3683"}],"version-history":[{"count":9,"href":"https:\/\/liceum.kard.hlonda.pl\/index.php\/wp-json\/wp\/v2\/pages\/3683\/revisions"}],"predecessor-version":[{"id":4163,"href":"https:\/\/liceum.kard.hlonda.pl\/index.php\/wp-json\/wp\/v2\/pages\/3683\/revisions\/4163"}],"wp:featuredmedia":[{"embeddable":true,"href":"https:\/\/liceum.kard.hlonda.pl\/index.php\/wp-json\/wp\/v2\/media\/3684"}],"wp:attachment":[{"href":"https:\/\/liceum.kard.hlonda.pl\/index.php\/wp-json\/wp\/v2\/media?parent=3683"}],"curies":[{"name":"wp","href":"https:\/\/api.w.org\/{rel}","templated":true}]}}